{"id":7,"date":"2026-04-02T07:57:02","date_gmt":"2026-04-02T07:57:02","guid":{"rendered":"https:\/\/blackhydra.org\/?page_id=7"},"modified":"2026-04-09T15:24:34","modified_gmt":"2026-04-09T15:24:34","slug":"about-us","status":"publish","type":"page","link":"https:\/\/blackhydra.org\/?page_id=7","title":{"rendered":"About"},"content":{"rendered":"<p style=\"text-align: center;\">Urspr\u00fcnglich als Casual 40k Kanal zum Wiedereinstieg ins Hobby gegr\u00fcndet wurde es schnell wieder kompetitiv im Bereich 40K und Turnierspiel.<\/p>\n<p style=\"text-align: center;\">Nach einer fast zweij\u00e4hrigen Pause bin ich mit Kill Team als neues System wieder an den Start. Mein Hauptfokus liegt auf Battlereports, Tutorials, Spielhilfen und How-To-Plays.<\/p>\n<p style=\"text-align: center;\">Die Hauptmotivation: Leuten den Hobbyeinstieg zu vereinfachen und mehr Leute f\u00fcr das Hobby zu begeistern.<\/p>\n<p style=\"text-align: center;\">&#8212;&#8212;&#8212;&#8212;&#8212;&#8212;&#8212;&#8212;&#8212;&#8212;&#8212;<\/p>\n<p style=\"text-align: center;\" data-start=\"107\" data-end=\"269\">Originally started as a casual Warhammer 40K channel to get back into the hobby, it quickly shifted towards a more competitive focus, including tournament play.<\/p>\n<p style=\"text-align: center;\" data-start=\"271\" data-end=\"350\">After a break of nearly two years, I returned with Kill Team as a new system.<\/p>\n<p style=\"text-align: center;\" data-start=\"352\" data-end=\"436\">My main focus is on battle reports, tutorials, game aids, and how-to-play content.<\/p>\n<p style=\"text-align: center;\" data-start=\"438\" data-end=\"540\">The core motivation: making it easier for people to get into the hobby and helping grow the community.<\/p>\n\n\n<p class=\"has-text-align-center\"><a href=\"https:\/\/blackhydra.org\/imprint-impressum\/\">Legal \/ Aviso Legal &amp; Privacy \/ Datenschutz<\/a><\/p>\n\n\n\n<p><\/p>\n","protected":false},"excerpt":{"rendered":"<p>Urspr\u00fcnglich als Casual 40k Kanal zum Wiedereinstieg ins Hobby gegr\u00fcndet wurde es schnell wieder kompetitiv im Bereich 40K und Turnierspiel. Nach einer fast zweij\u00e4hrigen Pause bin ich mit Kill Team als neues System wieder an den Start. Mein Hauptfokus liegt auf Battlereports, Tutorials, Spielhilfen und How-To-Plays. Die Hauptmotivation: Leuten den Hobbyeinstieg zu vereinfachen und mehr [&hellip;]<\/p>\n","protected":false},"author":1,"featured_media":0,"parent":0,"menu_order":0,"comment_status":"closed","ping_status":"closed","template":"no-masthead-template.php","meta":{"footnotes":""},"class_list":["post-7","page","type-page","status-publish","hentry"],"_links":{"self":[{"href":"https:\/\/blackhydra.org\/index.php?rest_route=\/wp\/v2\/pages\/7","targetHints":{"allow":["GET"]}}],"collection":[{"href":"https:\/\/blackhydra.org\/index.php?rest_route=\/wp\/v2\/pages"}],"about":[{"href":"https:\/\/blackhydra.org\/index.php?rest_route=\/wp\/v2\/types\/page"}],"author":[{"embeddable":true,"href":"https:\/\/blackhydra.org\/index.php?rest_route=\/wp\/v2\/users\/1"}],"replies":[{"embeddable":true,"href":"https:\/\/blackhydra.org\/index.php?rest_route=%2Fwp%2Fv2%2Fcomments&post=7"}],"version-history":[{"count":5,"href":"https:\/\/blackhydra.org\/index.php?rest_route=\/wp\/v2\/pages\/7\/revisions"}],"predecessor-version":[{"id":123,"href":"https:\/\/blackhydra.org\/index.php?rest_route=\/wp\/v2\/pages\/7\/revisions\/123"}],"wp:attachment":[{"href":"https:\/\/blackhydra.org\/index.php?rest_route=%2Fwp%2Fv2%2Fmedia&parent=7"}],"curies":[{"name":"wp","href":"https:\/\/api.w.org\/{rel}","templated":true}]}}