{"id":94,"date":"2026-04-09T14:20:26","date_gmt":"2026-04-09T14:20:26","guid":{"rendered":"https:\/\/blackhydra.org\/?page_id=94"},"modified":"2026-04-09T14:25:01","modified_gmt":"2026-04-09T14:25:01","slug":"kill-team-resources","status":"publish","type":"page","link":"https:\/\/blackhydra.org\/?page_id=94","title":{"rendered":"Kill Team Resources"},"content":{"rendered":"\n<div class=\"wp-block-media-text is-stacked-on-mobile\"><figure class=\"wp-block-media-text__media\"><img loading=\"lazy\" decoding=\"async\" width=\"1024\" height=\"683\" src=\"https:\/\/blackhydra.org\/wp-content\/uploads\/2026\/04\/ChatGPT-Image-30.-Maerz-2026-23_40_52-1024x683.png\" alt=\"\" class=\"wp-image-96 size-full\" srcset=\"https:\/\/blackhydra.org\/wp-content\/uploads\/2026\/04\/ChatGPT-Image-30.-Maerz-2026-23_40_52-1024x683.png 1024w, https:\/\/blackhydra.org\/wp-content\/uploads\/2026\/04\/ChatGPT-Image-30.-Maerz-2026-23_40_52-300x200.png 300w, https:\/\/blackhydra.org\/wp-content\/uploads\/2026\/04\/ChatGPT-Image-30.-Maerz-2026-23_40_52-768x512.png 768w, https:\/\/blackhydra.org\/wp-content\/uploads\/2026\/04\/ChatGPT-Image-30.-Maerz-2026-23_40_52.png 1536w\" sizes=\"auto, (max-width: 1024px) 100vw, 1024px\" \/><\/figure><div class=\"wp-block-media-text__content\">\n<p>A structured tracking tool to analyze your Kill Team gameplay, learn from it, and improve consistently over time. \/\/ <a href=\"https:\/\/ko-fi.com\/s\/5a8241f3be\">ENG-DL<\/a><\/p>\n\n\n\n<p><br>Ein strukturiertes Tracking-Tool, um dein Kill Team Gameplay gezielt zu analysieren, daraus zu lernen und dich langfristig zu verbessern. \/\/ <a href=\"https:\/\/ko-fi.com\/s\/677cb33558\">DEU\/GER-DL<\/a><\/p>\n<\/div><\/div>\n\n\n\n<div class=\"wp-block-media-text is-stacked-on-mobile\"><figure class=\"wp-block-media-text__media\"><img loading=\"lazy\" decoding=\"async\" width=\"780\" height=\"439\" src=\"https:\/\/blackhydra.org\/wp-content\/uploads\/2026\/04\/47ef9fe3-f144-4bf0-a0dd-779662306c43_ktmatfix.png\" alt=\"\" class=\"wp-image-98 size-full\" srcset=\"https:\/\/blackhydra.org\/wp-content\/uploads\/2026\/04\/47ef9fe3-f144-4bf0-a0dd-779662306c43_ktmatfix.png 780w, https:\/\/blackhydra.org\/wp-content\/uploads\/2026\/04\/47ef9fe3-f144-4bf0-a0dd-779662306c43_ktmatfix-300x169.png 300w, https:\/\/blackhydra.org\/wp-content\/uploads\/2026\/04\/47ef9fe3-f144-4bf0-a0dd-779662306c43_ktmatfix-768x432.png 768w\" sizes=\"auto, (max-width: 780px) 100vw, 780px\" \/><\/figure><div class=\"wp-block-media-text__content\">\n<p>Fernkampf Matrix &#8211; Regelverst\u00e4ndnis &#8211; Spielhilfe f\u00fcr Killteam<br><br><a href=\"https:\/\/ko-fi.com\/s\/6aeb04fd22\">DOWNLOAD<\/a><\/p>\n<\/div><\/div>\n\n\n\n<div class=\"wp-block-media-text is-stacked-on-mobile\"><figure class=\"wp-block-media-text__media\"><img loading=\"lazy\" decoding=\"async\" width=\"780\" height=\"381\" src=\"https:\/\/blackhydra.org\/wp-content\/uploads\/2026\/04\/8c08e899-bf9b-4d5c-b851-29c4c63233ac_as.jpg\" alt=\"\" class=\"wp-image-101 size-full\" srcset=\"https:\/\/blackhydra.org\/wp-content\/uploads\/2026\/04\/8c08e899-bf9b-4d5c-b851-29c4c63233ac_as.jpg 780w, https:\/\/blackhydra.org\/wp-content\/uploads\/2026\/04\/8c08e899-bf9b-4d5c-b851-29c4c63233ac_as-300x147.jpg 300w, https:\/\/blackhydra.org\/wp-content\/uploads\/2026\/04\/8c08e899-bf9b-4d5c-b851-29c4c63233ac_as-768x375.jpg 768w\" sizes=\"auto, (max-width: 780px) 100vw, 780px\" \/><\/figure><div class=\"wp-block-media-text__content\">\n<p>Dies ist eine \u00dcbersetzungstabelle der Waffen-Sonderregeln f\u00fcr Kill Team 2024: Englisch &#8211; Deutsch \/ Deutsch &#8211; Englisch<br><br><a href=\"https:\/\/ko-fi.com\/s\/b372b83061\">DOWNLOAD<\/a><\/p>\n<\/div><\/div>\n\n\n\n<div class=\"wp-block-media-text is-stacked-on-mobile\"><figure class=\"wp-block-media-text__media\"><img loading=\"lazy\" decoding=\"async\" width=\"780\" height=\"439\" src=\"https:\/\/blackhydra.org\/wp-content\/uploads\/2026\/04\/8f78fd40-7e65-4b94-8f1d-5d8ec39e8b5b_factioneng.png\" alt=\"\" class=\"wp-image-102 size-full\" srcset=\"https:\/\/blackhydra.org\/wp-content\/uploads\/2026\/04\/8f78fd40-7e65-4b94-8f1d-5d8ec39e8b5b_factioneng.png 780w, https:\/\/blackhydra.org\/wp-content\/uploads\/2026\/04\/8f78fd40-7e65-4b94-8f1d-5d8ec39e8b5b_factioneng-300x169.png 300w, https:\/\/blackhydra.org\/wp-content\/uploads\/2026\/04\/8f78fd40-7e65-4b94-8f1d-5d8ec39e8b5b_factioneng-768x432.png 768w\" sizes=\"auto, (max-width: 780px) 100vw, 780px\" \/><\/figure><div class=\"wp-block-media-text__content\">\n<p>\u00a0A 21 page pdf. Faction Rule Expansion for Killteam 2024 &#8211; NPO\/Joint Operation Mode (English Only)<br><br><a href=\"https:\/\/ko-fi.com\/s\/faff7189f1\">DOWNLOAD<\/a><\/p>\n<\/div><\/div>\n\n\n\n<div class=\"wp-block-media-text is-stacked-on-mobile\"><figure class=\"wp-block-media-text__media\"><img loading=\"lazy\" decoding=\"async\" width=\"780\" height=\"672\" src=\"https:\/\/blackhydra.org\/wp-content\/uploads\/2026\/04\/59e73c11-2c97-41d6-9ba6-facba437a202_volkusquer.png\" alt=\"\" class=\"wp-image-103 size-full\" srcset=\"https:\/\/blackhydra.org\/wp-content\/uploads\/2026\/04\/59e73c11-2c97-41d6-9ba6-facba437a202_volkusquer.png 780w, https:\/\/blackhydra.org\/wp-content\/uploads\/2026\/04\/59e73c11-2c97-41d6-9ba6-facba437a202_volkusquer-300x258.png 300w, https:\/\/blackhydra.org\/wp-content\/uploads\/2026\/04\/59e73c11-2c97-41d6-9ba6-facba437a202_volkusquer-768x662.png 768w\" sizes=\"auto, (max-width: 780px) 100vw, 780px\" \/><\/figure><div class=\"wp-block-media-text__content\">\n<p>Killteam &#8211; Killzone Volkus Alt. Layouts v1 &#8211; \u00a0Vanguard Strike and a 4 Marker Layout for Volkus (Map 3 Base)<br><br><a href=\"https:\/\/ko-fi.com\/s\/2a8a1dc50c\">DOWNLOAD<\/a><\/p>\n<\/div><\/div>\n","protected":false},"excerpt":{"rendered":"<p>A structured tracking tool to analyze your Kill Team gameplay, learn from it, and improve consistently over time. \/\/ ENG-DL Ein strukturiertes Tracking-Tool, um dein Kill Team Gameplay gezielt zu analysieren, daraus zu lernen und dich langfristig zu verbessern. \/\/ DEU\/GER-DL Fernkampf Matrix &#8211; Regelverst\u00e4ndnis &#8211; Spielhilfe f\u00fcr Killteam DOWNLOAD Dies ist eine \u00dcbersetzungstabelle der [&hellip;]<\/p>\n","protected":false},"author":1,"featured_media":0,"parent":0,"menu_order":0,"comment_status":"closed","ping_status":"closed","template":"no-masthead-template.php","meta":{"footnotes":""},"class_list":["post-94","page","type-page","status-publish","hentry"],"_links":{"self":[{"href":"https:\/\/blackhydra.org\/index.php?rest_route=\/wp\/v2\/pages\/94","targetHints":{"allow":["GET"]}}],"collection":[{"href":"https:\/\/blackhydra.org\/index.php?rest_route=\/wp\/v2\/pages"}],"about":[{"href":"https:\/\/blackhydra.org\/index.php?rest_route=\/wp\/v2\/types\/page"}],"author":[{"embeddable":true,"href":"https:\/\/blackhydra.org\/index.php?rest_route=\/wp\/v2\/users\/1"}],"replies":[{"embeddable":true,"href":"https:\/\/blackhydra.org\/index.php?rest_route=%2Fwp%2Fv2%2Fcomments&post=94"}],"version-history":[{"count":4,"href":"https:\/\/blackhydra.org\/index.php?rest_route=\/wp\/v2\/pages\/94\/revisions"}],"predecessor-version":[{"id":104,"href":"https:\/\/blackhydra.org\/index.php?rest_route=\/wp\/v2\/pages\/94\/revisions\/104"}],"wp:attachment":[{"href":"https:\/\/blackhydra.org\/index.php?rest_route=%2Fwp%2Fv2%2Fmedia&parent=94"}],"curies":[{"name":"wp","href":"https:\/\/api.w.org\/{rel}","templated":true}]}}